{"id":5310,"date":"2023-08-10T13:28:25","date_gmt":"2023-08-10T10:28:25","guid":{"rendered":"https:\/\/celbun.ro\/comanda-finalizata\/"},"modified":"2023-12-13T22:13:58","modified_gmt":"2023-12-13T20:13:58","slug":"objednavka-dokoncena","status":"publish","type":"page","link":"https:\/\/celbun.com\/cs\/objednavka-dokoncena\/","title":{"rendered":"Objedn\u00e1vka dokon\u010dena"},"content":{"rendered":"\t\t<div data-elementor-type=\"wp-page\" data-elementor-id=\"5310\" class=\"elementor elementor-5310\" data-elementor-post-type=\"page\">\n\t\t\t\t<div class=\"elementor-element elementor-element-1ad83a5f e-con-full e-flex e-con e-parent\" data-id=\"1ad83a5f\" data-element_type=\"container\" data-e-type=\"container\" data-settings=\"{&quot;background_background&quot;:&quot;classic&quot;}\">\n\t\t<div class=\"elementor-element elementor-element-7449a766 e-con-full e-flex e-con e-child\" data-id=\"7449a766\" data-element_type=\"container\" data-e-type=\"container\">\n\t\t\t\t<div class=\"elementor-element elementor-element-4c2f429f elementor-widget elementor-widget-heading\" data-id=\"4c2f429f\" data-element_type=\"widget\" data-e-type=\"widget\" data-widget_type=\"heading.default\">\n\t\t\t\t<div class=\"elementor-widget-container\">\n\t\t\t\t\t<h2 class=\"elementor-heading-title elementor-size-default\">Va\u0161e objedn\u00e1vka byla zaregistrov\u00e1na!<\/h2>\t\t\t\t<\/div>\n\t\t\t\t<\/div>\n\t\t\t\t<div data-dce-text-color=\"#E9E8E8\" class=\"elementor-element elementor-element-76a081f elementor-widget elementor-widget-text-editor\" data-id=\"76a081f\" data-element_type=\"widget\" data-e-type=\"widget\" data-widget_type=\"text-editor.default\">\n\t\t\t\t<div class=\"elementor-widget-container\">\n\t\t\t\t\t\t\t\t\tVa\u0161e objedn\u00e1vka bude zpracov\u00e1na na\u0161\u00edm t\u00fdmem v co nejkrat\u0161\u00edm mo\u017en\u00e9m \u010dase. Podrobnosti objedn\u00e1vky obdr\u017e\u00edte prost\u0159ednictv\u00edm SMS nebo WhatsApp.\t\t\t\t\t\t\t\t<\/div>\n\t\t\t\t<\/div>\n\t\t\t\t<\/div>\n\t\t\t\t<\/div>\n\t\t<div class=\"elementor-element elementor-element-4dc1d31 e-con-full e-flex e-con e-parent\" data-id=\"4dc1d31\" data-element_type=\"container\" data-e-type=\"container\">\n\t\t\t\t<div class=\"elementor-element elementor-element-7e78da6 elementor-widget elementor-widget-template\" data-id=\"7e78da6\" data-element_type=\"widget\" data-e-type=\"widget\" data-widget_type=\"template.default\">\n\t\t\t\t<div class=\"elementor-widget-container\">\n\t\t\t\t\t\t\t<div class=\"elementor-template\">\n\t\t\t\t\t<footer data-elementor-type=\"footer\" data-elementor-id=\"4537\" class=\"elementor elementor-4537\" data-elementor-post-type=\"elementor_library\">\n\t\t\t<div data-dce-background-color=\"#000000\" class=\"elementor-element elementor-element-b29d802 e-con-full e-flex e-con e-parent\" data-id=\"b29d802\" data-element_type=\"container\" data-e-type=\"container\" data-settings=\"{&quot;background_background&quot;:&quot;classic&quot;}\">\n\t\t\t\t<div class=\"elementor-element elementor-element-21cd672 elementor-widget elementor-widget-image\" data-id=\"21cd672\" data-element_type=\"widget\" data-e-type=\"widget\" data-widget_type=\"image.default\">\n\t\t\t\t<div class=\"elementor-widget-container\">\n\t\t\t\t\t\t\t\t\t\t\t\t\t\t\t<img decoding=\"async\" width=\"300\" height=\"78\" src=\"https:\/\/celbun.com\/wp-content\/uploads\/2023\/08\/celbun-logo-transparent-300x78.png\" class=\"attachment-medium size-medium wp-image-225\" alt=\"\" srcset=\"https:\/\/celbun.com\/wp-content\/uploads\/2023\/08\/celbun-logo-transparent-300x78.png 300w, https:\/\/celbun.com\/wp-content\/uploads\/2023\/08\/celbun-logo-transparent-768x200.png 768w, https:\/\/celbun.com\/wp-content\/uploads\/2023\/08\/celbun-logo-transparent-600x156.png 600w, https:\/\/celbun.com\/wp-content\/uploads\/2023\/08\/celbun-logo-transparent.png 926w\" sizes=\"(max-width: 300px) 100vw, 300px\" \/>\t\t\t\t\t\t\t\t\t\t\t\t\t\t\t<\/div>\n\t\t\t\t<\/div>\n\t\t\t\t<div class=\"elementor-element elementor-element-614d67e elementor-widget elementor-widget-heading\" data-id=\"614d67e\" data-element_type=\"widget\" data-e-type=\"widget\" data-widget_type=\"heading.default\">\n\t\t\t\t<div class=\"elementor-widget-container\">\n\t\t\t\t\t<h4 class=\"elementor-heading-title elementor-size-default\">D\u016fv\u011bryhodn\u00fd obchod<\/h4>\t\t\t\t<\/div>\n\t\t\t\t<\/div>\n\t\t\t\t<\/div>\n\t\t<div class=\"elementor-element elementor-element-6198d3a e-flex e-con-boxed e-con e-parent\" data-id=\"6198d3a\" data-element_type=\"container\" data-e-type=\"container\">\n\t\t\t\t\t<div class=\"e-con-inner\">\n\t\t\t\t<div data-dce-text-color=\"#000000\" class=\"elementor-element elementor-element-01aa896 elementor-widget elementor-widget-text-editor\" data-id=\"01aa896\" data-element_type=\"widget\" data-e-type=\"widget\" data-widget_type=\"text-editor.default\">\n\t\t\t\t<div class=\"elementor-widget-container\">\n\t\t\t\t\t\t\t\t\t<a href=\"https:\/\/celbun.ro\/cs\/tos\/\" target=\"_blank\" rel=\"noopener\">Smluvn\u00ed podm\u00ednky<\/a>\t\t\t\t\t\t\t\t<\/div>\n\t\t\t\t<\/div>\n\t\t\t\t\t<\/div>\n\t\t\t\t<\/div>\n\t\t\t\t<\/footer>\n\t\t\t\t<\/div>\n\t\t\t\t\t\t<\/div>\n\t\t\t\t<\/div>\n\t\t\t\t<\/div>\n\t\t\t\t<\/div>\n\t\t","protected":false},"excerpt":{"rendered":"<p>Va\u0161e objedn\u00e1vka byla zaregistrov\u00e1na!<\/p>\n","protected":false},"author":1,"featured_media":0,"parent":0,"menu_order":0,"comment_status":"closed","ping_status":"closed","template":"elementor_canvas","meta":{"_acf_changed":false,"site-sidebar-layout":"default","site-content-layout":"","ast-site-content-layout":"default","site-content-style":"default","site-sidebar-style":"default","ast-global-header-display":"","ast-banner-title-visibility":"","ast-main-header-display":"","ast-hfb-above-header-display":"","ast-hfb-below-header-display":"","ast-hfb-mobile-header-display":"","site-post-title":"","ast-breadcrumbs-content":"","ast-featured-img":"","footer-sml-layout":"","ast-disable-related-posts":"","theme-transparent-header-meta":"","adv-header-id-meta":"","stick-header-meta":"","header-above-stick-meta":"","header-main-stick-meta":"","header-below-stick-meta":"","astra-migrate-meta-layouts":"set","ast-page-background-enabled":"default","ast-page-background-meta":{"desktop":{"background-color":"var(--ast-global-color-4)","background-image":"","background-repeat":"repeat","background-position":"center center","background-size":"auto","background-attachment":"scroll","background-type":"","background-media":"","overlay-type":"","overlay-color":"","overlay-opacity":"","overlay-gradient":""},"tablet":{"background-color":"","background-image":"","background-repeat":"repeat","background-position":"center center","background-size":"auto","background-attachment":"scroll","background-type":"","background-media":"","overlay-type":"","overlay-color":"","overlay-opacity":"","overlay-gradient":""},"mobile":{"background-color":"","background-image":"","background-repeat":"repeat","background-position":"center center","background-size":"auto","background-attachment":"scroll","background-type":"","background-media":"","overlay-type":"","overlay-color":"","overlay-opacity":"","overlay-gradient":""}},"ast-content-background-meta":{"desktop":{"background-color":"var(--ast-global-color-5)","background-image":"","background-repeat":"repeat","background-position":"center center","background-size":"auto","background-attachment":"scroll","background-type":"","background-media":"","overlay-type":"","overlay-color":"","overlay-opacity":"","overlay-gradient":""},"tablet":{"background-color":"var(--ast-global-color-5)","background-image":"","background-repeat":"repeat","background-position":"center center","background-size":"auto","background-attachment":"scroll","background-type":"","background-media":"","overlay-type":"","overlay-color":"","overlay-opacity":"","overlay-gradient":""},"mobile":{"background-color":"var(--ast-global-color-5)","background-image":"","background-repeat":"repeat","background-position":"center center","background-size":"auto","background-attachment":"scroll","background-type":"","background-media":"","overlay-type":"","overlay-color":"","overlay-opacity":"","overlay-gradient":""}},"footnotes":""},"class_list":["post-5310","page","type-page","status-publish","hentry"],"acf":[],"_links":{"self":[{"href":"https:\/\/celbun.com\/cs\/wp-json\/wp\/v2\/pages\/5310","targetHints":{"allow":["GET"]}}],"collection":[{"href":"https:\/\/celbun.com\/cs\/wp-json\/wp\/v2\/pages"}],"about":[{"href":"https:\/\/celbun.com\/cs\/wp-json\/wp\/v2\/types\/page"}],"author":[{"embeddable":true,"href":"https:\/\/celbun.com\/cs\/wp-json\/wp\/v2\/users\/1"}],"replies":[{"embeddable":true,"href":"https:\/\/celbun.com\/cs\/wp-json\/wp\/v2\/comments?post=5310"}],"version-history":[{"count":7,"href":"https:\/\/celbun.com\/cs\/wp-json\/wp\/v2\/pages\/5310\/revisions"}],"predecessor-version":[{"id":5317,"href":"https:\/\/celbun.com\/cs\/wp-json\/wp\/v2\/pages\/5310\/revisions\/5317"}],"wp:attachment":[{"href":"https:\/\/celbun.com\/cs\/wp-json\/wp\/v2\/media?parent=5310"}],"curies":[{"name":"wp","href":"https:\/\/api.w.org\/{rel}","templated":true}]}}