{"id":4290,"date":"2023-08-04T09:31:41","date_gmt":"2023-08-04T06:31:41","guid":{"rendered":"https:\/\/celbun.com\/acasa\/"},"modified":"2023-11-20T16:39:36","modified_gmt":"2023-11-20T14:39:36","slug":"acasa","status":"publish","type":"page","link":"https:\/\/celbun.com\/hu\/","title":{"rendered":"Kezd\u0151lap"},"content":{"rendered":"\t\t<div data-elementor-type=\"wp-page\" data-elementor-id=\"4290\" class=\"elementor elementor-4290\" data-elementor-post-type=\"page\">\n\t\t\t\t<div class=\"elementor-element elementor-element-e7d562e e-flex e-con-boxed e-con e-parent\" data-id=\"e7d562e\" data-element_type=\"container\" data-e-type=\"container\">\n\t\t\t\t\t<div class=\"e-con-inner\">\n\t\t\t\t<div data-dce-title-color=\"#000000\" class=\"elementor-element elementor-element-e20cd08 elementor-widget elementor-widget-heading\" data-id=\"e20cd08\" data-element_type=\"widget\" data-e-type=\"widget\" data-widget_type=\"heading.default\">\n\t\t\t\t<div class=\"elementor-widget-container\">\n\t\t\t\t\t<h2 class=\"elementor-heading-title elementor-size-default\">Teleszk\u00f3pos zsir\u00e1fj\u00e1t\u00e9k LED-del \u00e9s tapad\u00f3korongokkal<\/h2>\t\t\t\t<\/div>\n\t\t\t\t<\/div>\n\t\t\t\t<div class=\"elementor-element elementor-element-cf1b4d9 elementor-widget elementor-widget-image\" data-id=\"cf1b4d9\" data-element_type=\"widget\" data-e-type=\"widget\" data-widget_type=\"image.default\">\n\t\t\t\t<div class=\"elementor-widget-container\">\n\t\t\t\t\t\t\t\t\t\t\t\t\t\t\t<img fetchpriority=\"high\" decoding=\"async\" width=\"1024\" height=\"963\" src=\"https:\/\/celbun.com\/wp-content\/uploads\/2023\/09\/Jucarie-Girafa-Telescopica-cu-Ventuze-si-LED-1024x963.jpg\" class=\"attachment-large size-large wp-image-2121\" alt=\"\" srcset=\"https:\/\/celbun.com\/wp-content\/uploads\/2023\/09\/Jucarie-Girafa-Telescopica-cu-Ventuze-si-LED-1024x963.jpg 1024w, https:\/\/celbun.com\/wp-content\/uploads\/2023\/09\/Jucarie-Girafa-Telescopica-cu-Ventuze-si-LED-300x282.jpg 300w, https:\/\/celbun.com\/wp-content\/uploads\/2023\/09\/Jucarie-Girafa-Telescopica-cu-Ventuze-si-LED-768x722.jpg 768w, https:\/\/celbun.com\/wp-content\/uploads\/2023\/09\/Jucarie-Girafa-Telescopica-cu-Ventuze-si-LED-600x564.jpg 600w, https:\/\/celbun.com\/wp-content\/uploads\/2023\/09\/Jucarie-Girafa-Telescopica-cu-Ventuze-si-LED.jpg 1500w\" sizes=\"(max-width: 1024px) 100vw, 1024px\" \/>\t\t\t\t\t\t\t\t\t\t\t\t\t\t\t<\/div>\n\t\t\t\t<\/div>\n\t\t\t\t<div data-dce-background-color=\"#E32619\" class=\"elementor-element elementor-element-630d787 elementor-align-center elementor-widget elementor-widget-button\" data-id=\"630d787\" data-element_type=\"widget\" data-e-type=\"widget\" data-widget_type=\"button.default\">\n\t\t\t\t<div class=\"elementor-widget-container\">\n\t\t\t\t\t\t\t\t\t<div class=\"elementor-button-wrapper\">\n\t\t\t\t\t<a class=\"elementor-button elementor-button-link elementor-size-md\" href=\"https:\/\/celbun.com\/hu\/zsiraf-jatek\/\">\n\t\t\t\t\t\t<span class=\"elementor-button-content-wrapper\">\n\t\t\t\t\t\t\t\t\t<span class=\"elementor-button-text\">Rendel\u00e9s<br><small>Fizet\u00e9s ut\u00e1nv\u00e9ttel<\/small><\/span>\n\t\t\t\t\t<\/span>\n\t\t\t\t\t<\/a>\n\t\t\t\t<\/div>\n\t\t\t\t\t\t\t\t<\/div>\n\t\t\t\t<\/div>\n\t\t\t\t<div class=\"elementor-element elementor-element-18c023f elementor-widget elementor-widget-heading\" data-id=\"18c023f\" data-element_type=\"widget\" data-e-type=\"widget\" data-widget_type=\"heading.default\">\n\t\t\t\t<div class=\"elementor-widget-container\">\n\t\t\t\t\t<h3 class=\"elementor-heading-title elementor-size-default\">Ez az im\u00e1dnival\u00f3 zsir\u00e1f kit\u00e1gul \u00e9s \u00f6sszeh\u00faz\u00f3dik, \u00e9s \u00f3r\u00e1kon \u00e1t unalom\u0171z\u0151 sz\u00f3rakoz\u00e1st \u00e9s tanul\u00e1st biztos\u00edt!<\/h3>\t\t\t\t<\/div>\n\t\t\t\t<\/div>\n\t\t\t\t\t<\/div>\n\t\t\t\t<\/div>\n\t\t\t\t<\/div>\n\t\t","protected":false},"excerpt":{"rendered":"<p>Teleszk\u00f3pos zsir\u00e1fj\u00e1t\u00e9k LED-del \u00e9s tapad\u00f3korongokkal Rendel\u00e9sFizet\u00e9s ut\u00e1nv\u00e9ttel Ez az im\u00e1dnival\u00f3 zsir\u00e1f kit\u00e1gul \u00e9s \u00f6sszeh\u00faz\u00f3dik, \u00e9s \u00f3r\u00e1kon \u00e1t unalom\u0171z\u0151 sz\u00f3rakoz\u00e1st \u00e9s tanul\u00e1st biztos\u00edt!<\/p>\n","protected":false},"author":1,"featured_media":0,"parent":0,"menu_order":0,"comment_status":"closed","ping_status":"closed","template":"elementor_header_footer","meta":{"_acf_changed":false,"site-sidebar-layout":"default","site-content-layout":"","ast-site-content-layout":"default","site-content-style":"default","site-sidebar-style":"default","ast-global-header-display":"","ast-banner-title-visibility":"","ast-main-header-display":"","ast-hfb-above-header-display":"","ast-hfb-below-header-display":"","ast-hfb-mobile-header-display":"","site-post-title":"","ast-breadcrumbs-content":"","ast-featured-img":"","footer-sml-layout":"","ast-disable-related-posts":"","theme-transparent-header-meta":"","adv-header-id-meta":"","stick-header-meta":"","header-above-stick-meta":"","header-main-stick-meta":"","header-below-stick-meta":"","astra-migrate-meta-layouts":"set","ast-page-background-enabled":"default","ast-page-background-meta":{"desktop":{"background-color":"var(--ast-global-color-4)","background-image":"","background-repeat":"repeat","background-position":"center center","background-size":"auto","background-attachment":"scroll","background-type":"","background-media":"","overlay-type":"","overlay-color":"","overlay-opacity":"","overlay-gradient":""},"tablet":{"background-color":"","background-image":"","background-repeat":"repeat","background-position":"center center","background-size":"auto","background-attachment":"scroll","background-type":"","background-media":"","overlay-type":"","overlay-color":"","overlay-opacity":"","overlay-gradient":""},"mobile":{"background-color":"","background-image":"","background-repeat":"repeat","background-position":"center center","background-size":"auto","background-attachment":"scroll","background-type":"","background-media":"","overlay-type":"","overlay-color":"","overlay-opacity":"","overlay-gradient":""}},"ast-content-background-meta":{"desktop":{"background-color":"var(--ast-global-color-5)","background-image":"","background-repeat":"repeat","background-position":"center center","background-size":"auto","background-attachment":"scroll","background-type":"","background-media":"","overlay-type":"","overlay-color":"","overlay-opacity":"","overlay-gradient":""},"tablet":{"background-color":"var(--ast-global-color-5)","background-image":"","background-repeat":"repeat","background-position":"center center","background-size":"auto","background-attachment":"scroll","background-type":"","background-media":"","overlay-type":"","overlay-color":"","overlay-opacity":"","overlay-gradient":""},"mobile":{"background-color":"var(--ast-global-color-5)","background-image":"","background-repeat":"repeat","background-position":"center center","background-size":"auto","background-attachment":"scroll","background-type":"","background-media":"","overlay-type":"","overlay-color":"","overlay-opacity":"","overlay-gradient":""}},"footnotes":""},"class_list":["post-4290","page","type-page","status-publish","hentry"],"acf":[],"_links":{"self":[{"href":"https:\/\/celbun.com\/hu\/wp-json\/wp\/v2\/pages\/4290","targetHints":{"allow":["GET"]}}],"collection":[{"href":"https:\/\/celbun.com\/hu\/wp-json\/wp\/v2\/pages"}],"about":[{"href":"https:\/\/celbun.com\/hu\/wp-json\/wp\/v2\/types\/page"}],"author":[{"embeddable":true,"href":"https:\/\/celbun.com\/hu\/wp-json\/wp\/v2\/users\/1"}],"replies":[{"embeddable":true,"href":"https:\/\/celbun.com\/hu\/wp-json\/wp\/v2\/comments?post=4290"}],"version-history":[{"count":4,"href":"https:\/\/celbun.com\/hu\/wp-json\/wp\/v2\/pages\/4290\/revisions"}],"predecessor-version":[{"id":4294,"href":"https:\/\/celbun.com\/hu\/wp-json\/wp\/v2\/pages\/4290\/revisions\/4294"}],"wp:attachment":[{"href":"https:\/\/celbun.com\/hu\/wp-json\/wp\/v2\/media?parent=4290"}],"curies":[{"name":"wp","href":"https:\/\/api.w.org\/{rel}","templated":true}]}}